{"id":3,"date":"2024-10-04T13:54:11","date_gmt":"2024-10-04T13:54:11","guid":{"rendered":"https:\/\/learning360.es\/?page_id=3"},"modified":"2025-07-29T07:58:45","modified_gmt":"2025-07-29T07:58:45","slug":"privacy-policy","status":"publish","type":"page","link":"https:\/\/learning360.es\/?page_id=3","title":{"rendered":"Privacy Policy"},"content":{"rendered":"\t\t<div data-elementor-type=\"wp-page\" data-elementor-id=\"3\" class=\"elementor elementor-3\">\n\t\t\t\t<div class=\"elementor-element elementor-element-40eb4a0 e-flex e-con-boxed e-con e-parent\" data-id=\"40eb4a0\" data-element_type=\"container\" data-settings=\"{&quot;background_background&quot;:&quot;classic&quot;}\">\n\t\t\t\t\t<div class=\"e-con-inner\">\n\t\t\t\t<div class=\"elementor-element elementor-element-1e55192f elementor-widget__width-initial elementor-widget-mobile__width-initial elementor-widget elementor-widget-image\" data-id=\"1e55192f\" data-element_type=\"widget\" data-widget_type=\"image.default\">\n\t\t\t\t<div class=\"elementor-widget-container\">\n\t\t\t\t\t\t\t\t\t\t\t\t\t\t\t<img fetchpriority=\"high\" decoding=\"async\" width=\"500\" height=\"500\" src=\"https:\/\/learning360.es\/wp-content\/uploads\/2024\/10\/logo-BLANCO-LEARNING-360.png\" class=\"attachment-large size-large wp-image-20\" alt=\"\" srcset=\"https:\/\/learning360.es\/wp-content\/uploads\/2024\/10\/logo-BLANCO-LEARNING-360.png 500w, https:\/\/learning360.es\/wp-content\/uploads\/2024\/10\/logo-BLANCO-LEARNING-360-300x300.png 300w, https:\/\/learning360.es\/wp-content\/uploads\/2024\/10\/logo-BLANCO-LEARNING-360-150x150.png 150w\" sizes=\"(max-width: 500px) 100vw, 500px\" \/>\t\t\t\t\t\t\t\t\t\t\t\t\t\t\t<\/div>\n\t\t\t\t<\/div>\n\t\t\t\t<div class=\"elementor-element elementor-element-4e1c393a elementor-widget__width-initial elementor-widget-mobile__width-initial elementor-widget elementor-widget-heading\" data-id=\"4e1c393a\" data-element_type=\"widget\" data-widget_type=\"heading.default\">\n\t\t\t\t<div class=\"elementor-widget-container\">\n\t\t\t\t\t<h2 class=\"elementor-heading-title elementor-size-default\">Tu hijo necesita apoyo real. <\/h2>\t\t\t\t<\/div>\n\t\t\t\t<\/div>\n\t\t\t\t<div class=\"elementor-element elementor-element-4885720a elementor-widget__width-initial elementor-widget-mobile__width-initial elementor-widget elementor-widget-heading\" data-id=\"4885720a\" data-element_type=\"widget\" data-widget_type=\"heading.default\">\n\t\t\t\t<div class=\"elementor-widget-container\">\n\t\t\t\t\t<h2 class=\"elementor-heading-title elementor-size-default\">Nosotras sabemos c\u00f3mo lograrlo.<\/h2>\t\t\t\t<\/div>\n\t\t\t\t<\/div>\n\t\t\t\t<div class=\"elementor-element elementor-element-2af6a352 elementor-widget elementor-widget-spacer\" data-id=\"2af6a352\" data-element_type=\"widget\" data-widget_type=\"spacer.default\">\n\t\t\t\t<div class=\"elementor-widget-container\">\n\t\t\t\t\t\t\t<div class=\"elementor-spacer\">\n\t\t\t<div class=\"elementor-spacer-inner\"><\/div>\n\t\t<\/div>\n\t\t\t\t\t\t<\/div>\n\t\t\t\t<\/div>\n\t\t\t\t\t<\/div>\n\t\t\t\t<\/div>\n\t\t<div class=\"elementor-element elementor-element-036cbef e-flex e-con-boxed e-con e-parent\" data-id=\"036cbef\" data-element_type=\"container\">\n\t\t\t\t\t<div class=\"e-con-inner\">\n\t\t\t\t<div class=\"elementor-element elementor-element-54e2e79 elementor-widget elementor-widget-heading\" data-id=\"54e2e79\" data-element_type=\"widget\" data-widget_type=\"heading.default\">\n\t\t\t\t<div class=\"elementor-widget-container\">\n\t\t\t\t\t<h2 class=\"elementor-heading-title elementor-size-default\">Pol\u00edtica de Privacidad<\/h2>\t\t\t\t<\/div>\n\t\t\t\t<\/div>\n\t\t\t\t\t<\/div>\n\t\t\t\t<\/div>\n\t\t<div class=\"elementor-element elementor-element-771e2952 e-flex e-con-boxed e-con e-parent\" data-id=\"771e2952\" data-element_type=\"container\">\n\t\t\t\t\t<div class=\"e-con-inner\">\n\t\t\t\t<div class=\"elementor-element elementor-element-304fe536 elementor-widget elementor-widget-text-editor\" data-id=\"304fe536\" data-element_type=\"widget\" data-widget_type=\"text-editor.default\">\n\t\t\t\t<div class=\"elementor-widget-container\">\n\t\t\t\t\t\t\t\t\t<p>En Learning360\u00ba tratamos los datos personales de nuestros usuarios cumpliendo estrictamente con la legislaci\u00f3n vigente en materia de protecci\u00f3n de datos, en especial el Reglamento General de Protecci\u00f3n de Datos (RGPD \u2013 UE 2016\/679) y la Ley Org\u00e1nica de Protecci\u00f3n de Datos y Garant\u00eda de Derechos Digitales (LOPDGDD \u2013 3\/2018).<\/p><p><strong>Responsable del tratamiento:<\/strong><br \/>Nombre: Eva P\u00e9rez<br \/>Correo electr\u00f3nico: eva@learning360.es<br \/><br \/><\/p><p><strong>Finalidad del tratamiento:<\/strong><br \/>Gestionar la relaci\u00f3n con usuarios interesados en nuestros servicios educativos, responder a consultas, enviar comunicaciones informativas y comerciales relacionadas con nuestra actividad, y permitir el acceso a los servicios contratados.<\/p><p><strong>Legitimaci\u00f3n:<\/strong><br \/>Consentimiento del interesado al enviar sus datos voluntariamente mediante los formularios de contacto o comunicaci\u00f3n directa por email.<\/p><p><strong>Destinatarios<\/strong>:<br \/>No se ceder\u00e1n datos a terceros, salvo obligaci\u00f3n legal.<\/p><p><strong>Derechos<\/strong>:<br \/>Puedes ejercer tus derechos de acceso, rectificaci\u00f3n, supresi\u00f3n, limitaci\u00f3n, oposici\u00f3n y portabilidad enviando un correo electr\u00f3nico a eva@learning360.es.<\/p><p><strong>Conservaci\u00f3n de los datos:<\/strong><br \/>Los datos se conservar\u00e1n mientras exista una relaci\u00f3n activa con el usuario o hasta que \u00e9ste solicite su supresi\u00f3n.<\/p><p><strong>Medidas de seguridad:<\/strong><br \/>Aplicamos medidas t\u00e9cnicas y organizativas apropiadas para garantizar la confidencialidad, integridad y disponibilidad de los datos personales.<\/p>\t\t\t\t\t\t\t\t<\/div>\n\t\t\t\t<\/div>\n\t\t\t\t\t<\/div>\n\t\t\t\t<\/div>\n\t\t<div class=\"elementor-element elementor-element-7e4a0e76 e-flex e-con-boxed e-con e-parent\" data-id=\"7e4a0e76\" data-element_type=\"container\" data-settings=\"{&quot;background_background&quot;:&quot;classic&quot;}\">\n\t\t\t\t\t<div class=\"e-con-inner\">\n\t\t<div class=\"elementor-element elementor-element-fc069ba e-con-full e-grid e-con e-child\" data-id=\"fc069ba\" data-element_type=\"container\">\n\t\t\t\t<div class=\"elementor-element elementor-element-5637d6c2 elementor-widget elementor-widget-text-editor\" data-id=\"5637d6c2\" data-element_type=\"widget\" data-widget_type=\"text-editor.default\">\n\t\t\t\t<div class=\"elementor-widget-container\">\n\t\t\t\t\t\t\t\t\t<p>\u00a9 Learning 360\u00ba<\/p>\t\t\t\t\t\t\t\t<\/div>\n\t\t\t\t<\/div>\n\t\t\t\t<div class=\"elementor-element elementor-element-3651ca88 elementor-widget elementor-widget-text-editor\" data-id=\"3651ca88\" data-element_type=\"widget\" data-widget_type=\"text-editor.default\">\n\t\t\t\t<div class=\"elementor-widget-container\">\n\t\t\t\t\t\t\t\t\t<p><span style=\"color: #ffffff;\"><a style=\"color: #ffffff;\" href=\"tel:0034616735437\" target=\"_blank\" rel=\"noopener\">T. 616 73 54 37<\/a><\/span><\/p>\t\t\t\t\t\t\t\t<\/div>\n\t\t\t\t<\/div>\n\t\t\t\t<div class=\"elementor-element elementor-element-2a0d13ee elementor-widget elementor-widget-text-editor\" data-id=\"2a0d13ee\" data-element_type=\"widget\" data-widget_type=\"text-editor.default\">\n\t\t\t\t<div class=\"elementor-widget-container\">\n\t\t\t\t\t\t\t\t\t<p><span style=\"color: #ffffff;\"><a style=\"color: #ffffff;\" href=\"mailto:eva@learning360.es\">Correo:\u00a0eva@learning360.es<\/a><\/span><\/p>\t\t\t\t\t\t\t\t<\/div>\n\t\t\t\t<\/div>\n\t\t\t\t<div class=\"elementor-element elementor-element-3d866b62 elementor-widget elementor-widget-text-editor\" data-id=\"3d866b62\" data-element_type=\"widget\" data-widget_type=\"text-editor.default\">\n\t\t\t\t<div class=\"elementor-widget-container\">\n\t\t\t\t\t\t\t\t\t<p><span style=\"color: #ffffff;\"><a style=\"color: #ffffff;\" href=\"https:\/\/learning360.es\/?page_id=3\">Pol\u00edtica de Privacidad<\/a><\/span><\/p>\t\t\t\t\t\t\t\t<\/div>\n\t\t\t\t<\/div>\n\t\t\t\t<div class=\"elementor-element elementor-element-688639db elementor-widget elementor-widget-text-editor\" data-id=\"688639db\" data-element_type=\"widget\" data-widget_type=\"text-editor.default\">\n\t\t\t\t<div class=\"elementor-widget-container\">\n\t\t\t\t\t\t\t\t\t<p><span style=\"color: #ffffff;\"><a style=\"color: #ffffff;\" href=\"https:\/\/learning360.es\/?page_id=112\">Aviso Legal<\/a><\/span><\/p>\t\t\t\t\t\t\t\t<\/div>\n\t\t\t\t<\/div>\n\t\t\t\t<div class=\"elementor-element elementor-element-513cf3e3 elementor-widget elementor-widget-text-editor\" data-id=\"513cf3e3\" data-element_type=\"widget\" data-widget_type=\"text-editor.default\">\n\t\t\t\t<div class=\"elementor-widget-container\">\n\t\t\t\t\t\t\t\t\t<p><span style=\"color: #ffffff;\"><a style=\"color: #ffffff;\" href=\"https:\/\/learning360.es\/?page_id=118\">Cookies<\/a><\/span><\/p>\t\t\t\t\t\t\t\t<\/div>\n\t\t\t\t<\/div>\n\t\t\t\t<\/div>\n\t\t\t\t\t<\/div>\n\t\t\t\t<\/div>\n\t\t\t\t<\/div>\n\t\t","protected":false},"excerpt":{"rendered":"<p>Tu hijo necesita apoyo real. Nosotras sabemos c\u00f3mo lograrlo. Pol\u00edtica de Privacidad En Learning360\u00ba tratamos los datos personales de nuestros usuarios cumpliendo estrictamente con la legislaci\u00f3n vigente en materia de protecci\u00f3n de datos, en especial el Reglamento General de Protecci\u00f3n de Datos (RGPD \u2013 UE 2016\/679) y la Ley Org\u00e1nica de Protecci\u00f3n de Datos y [&hellip;]<\/p>\n","protected":false},"author":1,"featured_media":0,"parent":0,"menu_order":0,"comment_status":"closed","ping_status":"open","template":"templates\/landing.php","meta":{"footnotes":""},"class_list":["post-3","page","type-page","status-publish","hentry","entry"],"yoast_head":"<!-- This site is optimized with the Yoast SEO plugin v25.5 - https:\/\/yoast.com\/wordpress\/plugins\/seo\/ -->\n<title>Privacy Policy - Learning 360\u00ba<\/title>\n<meta name=\"robots\" content=\"index, follow, max-snippet:-1, max-image-preview:large, max-video-preview:-1\" \/>\n<link rel=\"canonical\" href=\"https:\/\/learning360.es\/?page_id=3\" \/>\n<meta property=\"og:locale\" content=\"es_ES\" \/>\n<meta property=\"og:type\" content=\"article\" \/>\n<meta property=\"og:title\" content=\"Privacy Policy - Learning 360\u00ba\" \/>\n<meta property=\"og:description\" content=\"Tu hijo necesita apoyo real. Nosotras sabemos c\u00f3mo lograrlo. Pol\u00edtica de Privacidad En Learning360\u00ba tratamos los datos personales de nuestros usuarios cumpliendo estrictamente con la legislaci\u00f3n vigente en materia de protecci\u00f3n de datos, en especial el Reglamento General de Protecci\u00f3n de Datos (RGPD \u2013 UE 2016\/679) y la Ley Org\u00e1nica de Protecci\u00f3n de Datos y [&hellip;]\" \/>\n<meta property=\"og:url\" content=\"https:\/\/learning360.es\/?page_id=3\" \/>\n<meta property=\"og:site_name\" content=\"Learning 360\u00ba\" \/>\n<meta property=\"article:modified_time\" content=\"2025-07-29T07:58:45+00:00\" \/>\n<meta property=\"og:image\" content=\"https:\/\/learning360.es\/wp-content\/uploads\/2024\/10\/logo-BLANCO-LEARNING-360.png\" \/>\n\t<meta property=\"og:image:width\" content=\"500\" \/>\n\t<meta property=\"og:image:height\" content=\"500\" \/>\n\t<meta property=\"og:image:type\" content=\"image\/png\" \/>\n<meta name=\"twitter:card\" content=\"summary_large_image\" \/>\n<meta name=\"twitter:label1\" content=\"Tiempo de lectura\" \/>\n\t<meta name=\"twitter:data1\" content=\"2 minutos\" \/>\n<script type=\"application\/ld+json\" class=\"yoast-schema-graph\">{\"@context\":\"https:\/\/schema.org\",\"@graph\":[{\"@type\":\"WebPage\",\"@id\":\"https:\/\/learning360.es\/?page_id=3\",\"url\":\"https:\/\/learning360.es\/?page_id=3\",\"name\":\"Privacy Policy - Learning 360\u00ba\",\"isPartOf\":{\"@id\":\"https:\/\/learning360.es\/#website\"},\"primaryImageOfPage\":{\"@id\":\"https:\/\/learning360.es\/?page_id=3#primaryimage\"},\"image\":{\"@id\":\"https:\/\/learning360.es\/?page_id=3#primaryimage\"},\"thumbnailUrl\":\"https:\/\/learning360.es\/wp-content\/uploads\/2024\/10\/logo-BLANCO-LEARNING-360.png\",\"datePublished\":\"2024-10-04T13:54:11+00:00\",\"dateModified\":\"2025-07-29T07:58:45+00:00\",\"breadcrumb\":{\"@id\":\"https:\/\/learning360.es\/?page_id=3#breadcrumb\"},\"inLanguage\":\"es\",\"potentialAction\":[{\"@type\":\"ReadAction\",\"target\":[\"https:\/\/learning360.es\/?page_id=3\"]}]},{\"@type\":\"ImageObject\",\"inLanguage\":\"es\",\"@id\":\"https:\/\/learning360.es\/?page_id=3#primaryimage\",\"url\":\"https:\/\/learning360.es\/wp-content\/uploads\/2024\/10\/logo-BLANCO-LEARNING-360.png\",\"contentUrl\":\"https:\/\/learning360.es\/wp-content\/uploads\/2024\/10\/logo-BLANCO-LEARNING-360.png\",\"width\":500,\"height\":500},{\"@type\":\"BreadcrumbList\",\"@id\":\"https:\/\/learning360.es\/?page_id=3#breadcrumb\",\"itemListElement\":[{\"@type\":\"ListItem\",\"position\":1,\"name\":\"Portada\",\"item\":\"https:\/\/learning360.es\/\"},{\"@type\":\"ListItem\",\"position\":2,\"name\":\"Privacy Policy\"}]},{\"@type\":\"WebSite\",\"@id\":\"https:\/\/learning360.es\/#website\",\"url\":\"https:\/\/learning360.es\/\",\"name\":\"Learning 360\u00ba\",\"description\":\"Clases Particulares Online\",\"potentialAction\":[{\"@type\":\"SearchAction\",\"target\":{\"@type\":\"EntryPoint\",\"urlTemplate\":\"https:\/\/learning360.es\/?s={search_term_string}\"},\"query-input\":{\"@type\":\"PropertyValueSpecification\",\"valueRequired\":true,\"valueName\":\"search_term_string\"}}],\"inLanguage\":\"es\"}]}<\/script>\n<!-- \/ Yoast SEO plugin. -->","yoast_head_json":{"title":"Privacy Policy - Learning 360\u00ba","robots":{"index":"index","follow":"follow","max-snippet":"max-snippet:-1","max-image-preview":"max-image-preview:large","max-video-preview":"max-video-preview:-1"},"canonical":"https:\/\/learning360.es\/?page_id=3","og_locale":"es_ES","og_type":"article","og_title":"Privacy Policy - Learning 360\u00ba","og_description":"Tu hijo necesita apoyo real. Nosotras sabemos c\u00f3mo lograrlo. Pol\u00edtica de Privacidad En Learning360\u00ba tratamos los datos personales de nuestros usuarios cumpliendo estrictamente con la legislaci\u00f3n vigente en materia de protecci\u00f3n de datos, en especial el Reglamento General de Protecci\u00f3n de Datos (RGPD \u2013 UE 2016\/679) y la Ley Org\u00e1nica de Protecci\u00f3n de Datos y [&hellip;]","og_url":"https:\/\/learning360.es\/?page_id=3","og_site_name":"Learning 360\u00ba","article_modified_time":"2025-07-29T07:58:45+00:00","og_image":[{"width":500,"height":500,"url":"https:\/\/learning360.es\/wp-content\/uploads\/2024\/10\/logo-BLANCO-LEARNING-360.png","type":"image\/png"}],"twitter_card":"summary_large_image","twitter_misc":{"Tiempo de lectura":"2 minutos"},"schema":{"@context":"https:\/\/schema.org","@graph":[{"@type":"WebPage","@id":"https:\/\/learning360.es\/?page_id=3","url":"https:\/\/learning360.es\/?page_id=3","name":"Privacy Policy - Learning 360\u00ba","isPartOf":{"@id":"https:\/\/learning360.es\/#website"},"primaryImageOfPage":{"@id":"https:\/\/learning360.es\/?page_id=3#primaryimage"},"image":{"@id":"https:\/\/learning360.es\/?page_id=3#primaryimage"},"thumbnailUrl":"https:\/\/learning360.es\/wp-content\/uploads\/2024\/10\/logo-BLANCO-LEARNING-360.png","datePublished":"2024-10-04T13:54:11+00:00","dateModified":"2025-07-29T07:58:45+00:00","breadcrumb":{"@id":"https:\/\/learning360.es\/?page_id=3#breadcrumb"},"inLanguage":"es","potentialAction":[{"@type":"ReadAction","target":["https:\/\/learning360.es\/?page_id=3"]}]},{"@type":"ImageObject","inLanguage":"es","@id":"https:\/\/learning360.es\/?page_id=3#primaryimage","url":"https:\/\/learning360.es\/wp-content\/uploads\/2024\/10\/logo-BLANCO-LEARNING-360.png","contentUrl":"https:\/\/learning360.es\/wp-content\/uploads\/2024\/10\/logo-BLANCO-LEARNING-360.png","width":500,"height":500},{"@type":"BreadcrumbList","@id":"https:\/\/learning360.es\/?page_id=3#breadcrumb","itemListElement":[{"@type":"ListItem","position":1,"name":"Portada","item":"https:\/\/learning360.es\/"},{"@type":"ListItem","position":2,"name":"Privacy Policy"}]},{"@type":"WebSite","@id":"https:\/\/learning360.es\/#website","url":"https:\/\/learning360.es\/","name":"Learning 360\u00ba","description":"Clases Particulares Online","potentialAction":[{"@type":"SearchAction","target":{"@type":"EntryPoint","urlTemplate":"https:\/\/learning360.es\/?s={search_term_string}"},"query-input":{"@type":"PropertyValueSpecification","valueRequired":true,"valueName":"search_term_string"}}],"inLanguage":"es"}]}},"_links":{"self":[{"href":"https:\/\/learning360.es\/index.php?rest_route=\/wp\/v2\/pages\/3","targetHints":{"allow":["GET"]}}],"collection":[{"href":"https:\/\/learning360.es\/index.php?rest_route=\/wp\/v2\/pages"}],"about":[{"href":"https:\/\/learning360.es\/index.php?rest_route=\/wp\/v2\/types\/page"}],"author":[{"embeddable":true,"href":"https:\/\/learning360.es\/index.php?rest_route=\/wp\/v2\/users\/1"}],"replies":[{"embeddable":true,"href":"https:\/\/learning360.es\/index.php?rest_route=%2Fwp%2Fv2%2Fcomments&post=3"}],"version-history":[{"count":9,"href":"https:\/\/learning360.es\/index.php?rest_route=\/wp\/v2\/pages\/3\/revisions"}],"predecessor-version":[{"id":180,"href":"https:\/\/learning360.es\/index.php?rest_route=\/wp\/v2\/pages\/3\/revisions\/180"}],"wp:attachment":[{"href":"https:\/\/learning360.es\/index.php?rest_route=%2Fwp%2Fv2%2Fmedia&parent=3"}],"curies":[{"name":"wp","href":"https:\/\/api.w.org\/{rel}","templated":true}]}}